{"id":57759,"date":"2018-08-31T11:36:13","date_gmt":"2018-08-31T09:36:13","guid":{"rendered":"https:\/\/nissenenergy.com\/cases\/"},"modified":"2026-03-18T13:48:21","modified_gmt":"2026-03-18T12:48:21","slug":"cases","status":"publish","type":"page","link":"https:\/\/nissenenergy.com\/en\/cases\/","title":{"rendered":"NISSEN News &#038; Cases"},"content":{"rendered":"<p>[et_pb_section fb_built=&#8221;1&#8243; admin_label=&#8221;Gr\u00f8n baggrund&#8221; _builder_version=&#8221;4.17.3&#8243; background_color=&#8221;#00a260&#8243; background_blend=&#8221;multiply&#8221; custom_padding=&#8221;109px|0px|109px|0px|false|false&#8221; collapsed=&#8221;on&#8221; global_colors_info=&#8221;{}&#8221;][et_pb_row _builder_version=&#8221;4.17.3&#8243; background_color=&#8221;#00a260&#8243; background_size=&#8221;initial&#8221; background_position=&#8221;top_left&#8221; background_repeat=&#8221;repeat&#8221; background_blend=&#8221;multiply&#8221; custom_padding=&#8221;|||&#8221; animation_direction=&#8221;top&#8221; global_colors_info=&#8221;{}&#8221;][et_pb_column type=&#8221;4_4&#8243; _builder_version=&#8221;4.16&#8243; custom_padding=&#8221;|||&#8221; global_colors_info=&#8221;{}&#8221; custom_padding__hover=&#8221;|||&#8221;][et_pb_text admin_label=&#8221;HVAD SKER DER I VORES VERDEN?&#8221; _builder_version=&#8221;4.27.5&#8243; text_font=&#8221;Montserrat|500||on|||||&#8221; text_text_color=&#8221;#f7f7f7&#8243; text_font_size=&#8221;16px&#8221; text_letter_spacing=&#8221;3px&#8221; background_size=&#8221;initial&#8221; background_position=&#8221;top_left&#8221; background_repeat=&#8221;repeat&#8221; custom_margin=&#8221;|||&#8221; animation_direction=&#8221;bottom&#8221; locked=&#8221;off&#8221; global_colors_info=&#8221;{}&#8221;]<\/p>\n<p><span style=\"color: #000000;\">WHAT IS HAPPENING IN OUR WORLD?<\/span><\/p>\n<p>[\/et_pb_text][et_pb_text admin_label=&#8221;NISSEN NEWS&#8221; _builder_version=&#8221;4.18.0&#8243; header_font=&#8221;|700||on|||||&#8221; header_text_color=&#8221;#ffffff&#8221; header_font_size=&#8221;60px&#8221; header_line_height=&#8221;1.2em&#8221; background_size=&#8221;initial&#8221; background_position=&#8221;top_left&#8221; background_repeat=&#8221;repeat&#8221; background_layout=&#8221;dark&#8221; custom_margin=&#8221;||0px|&#8221; custom_padding=&#8221;||0px|&#8221; header_font_size_tablet=&#8221;&#8221; header_font_size_phone=&#8221;25px&#8221; header_font_size_last_edited=&#8221;on|phone&#8221; locked=&#8221;off&#8221; global_colors_info=&#8221;{}&#8221;]<\/p>\n<h1>NEWS &amp; SELECTED CASES<\/h1>\n<p>[\/et_pb_text][et_pb_text admin_label=&#8221;ET UDPLUK NYHEDER TIL DIG&#8221; module_class=&#8221;sideoverskrift&#8221; _builder_version=&#8221;4.18.0&#8243; header_font=&#8221;|700||on|||||&#8221; header_text_color=&#8221;#000000&#8243; header_font_size=&#8221;60px&#8221; header_line_height=&#8221;1.2em&#8221; background_size=&#8221;initial&#8221; background_position=&#8221;top_left&#8221; background_repeat=&#8221;repeat&#8221; custom_padding=&#8221;0px|||&#8221; header_font_size_tablet=&#8221;&#8221; header_font_size_phone=&#8221;25px&#8221; header_font_size_last_edited=&#8221;on|phone&#8221; global_colors_info=&#8221;{}&#8221;]<\/p>\n<h1>SOLID SOLUTIONS<\/h1>\n<p>[\/et_pb_text][\/et_pb_column][\/et_pb_row][\/et_pb_section][et_pb_section fb_built=&#8221;1&#8243; _builder_version=&#8221;4.16&#8243; _module_preset=&#8221;default&#8221; background_color=&#8221;rgba(221,221,221,0.52)&#8221; collapsed=&#8221;on&#8221; global_colors_info=&#8221;{}&#8221;][et_pb_row use_custom_gutter=&#8221;on&#8221; gutter_width=&#8221;2&#8243; _builder_version=&#8221;4.16&#8243; _module_preset=&#8221;default&#8221; global_colors_info=&#8221;{}&#8221;][et_pb_column type=&#8221;4_4&#8243; _builder_version=&#8221;4.16&#8243; _module_preset=&#8221;default&#8221; global_colors_info=&#8221;{}&#8221;][et_pb_blog fullwidth=&#8221;off&#8221; posts_number=&#8221;6&#8243; include_categories=&#8221;1&#8243; meta_date=&#8221;d.m.Y&#8221; excerpt_length=&#8221;150&#8243; show_author=&#8221;off&#8221; show_categories=&#8221;off&#8221; module_class=&#8221;pa-blog-equal-height&#8221; _builder_version=&#8221;4.27.5&#8243; _module_preset=&#8221;default&#8221; meta_font=&#8221;|700|||||||&#8221; meta_text_color=&#8221;#00A260&#8243; hover_enabled=&#8221;0&#8243; global_colors_info=&#8221;{}&#8221; sticky_enabled=&#8221;0&#8243;][\/et_pb_blog][\/et_pb_column][\/et_pb_row][\/et_pb_section][et_pb_section fb_built=&#8221;1&#8243; admin_label=&#8221;Pin point billede&#8221; _builder_version=&#8221;4.16&#8243; background_image=&#8221;https:\/\/nissenenergy.com\/wp-content\/uploads\/2018\/11\/world_job_duce.png&#8221; parallax=&#8221;on&#8221; collapsed=&#8221;off&#8221; global_colors_info=&#8221;{}&#8221;][et_pb_row _builder_version=&#8221;4.16&#8243; background_size=&#8221;initial&#8221; background_position=&#8221;top_left&#8221; background_repeat=&#8221;repeat&#8221; global_colors_info=&#8221;{}&#8221;][et_pb_column type=&#8221;4_4&#8243; _builder_version=&#8221;4.16&#8243; custom_padding=&#8221;|||&#8221; global_colors_info=&#8221;{}&#8221; custom_padding__hover=&#8221;|||&#8221;][et_pb_text admin_label=&#8221;NISSEN energy leverer vores produkter etc.&#8221; _builder_version=&#8221;4.27.5&#8243; global_colors_info=&#8221;{}&#8221;]<\/p>\n<div class=\"et_pb_blurb_description\">\n<h3>\u00a0<\/h3>\n<h3>NISSEN energy delivers our products,<br \/>services, and solutions in Denmark.<\/h3>\n<h3>And the rest of the world.<\/h3>\n<p>Be inspired and gain insight into our deliveries through selected references.<br \/>Or explore our news, which we regularly post<br \/>via Facebook and LinkedIn.<\/p>\n<\/div>\n<p>[\/et_pb_text][\/et_pb_column][\/et_pb_row][\/et_pb_section][et_pb_section fb_built=&#8221;1&#8243; _builder_version=&#8221;4.19.4&#8243; _module_preset=&#8221;default&#8221; background_color=&#8221;#FFFFFF&#8221; collapsed=&#8221;on&#8221; global_colors_info=&#8221;{}&#8221;][et_pb_row use_custom_gutter=&#8221;on&#8221; gutter_width=&#8221;2&#8243; make_equal=&#8221;on&#8221; _builder_version=&#8221;4.19.4&#8243; _module_preset=&#8221;default&#8221; global_colors_info=&#8221;{}&#8221;][et_pb_column type=&#8221;4_4&#8243; _builder_version=&#8221;4.19.4&#8243; _module_preset=&#8221;default&#8221; global_colors_info=&#8221;{}&#8221;][et_pb_blog fullwidth=&#8221;off&#8221; posts_number=&#8221;100&#8243; include_categories=&#8221;79&#8243; meta_date=&#8221;d.m.Y&#8221; excerpt_length=&#8221;150&#8243; show_author=&#8221;off&#8221; show_categories=&#8221;off&#8221; module_class=&#8221;pa-blog-equal-height&#8221; _builder_version=&#8221;4.19.4&#8243; _module_preset=&#8221;default&#8221; header_font_size=&#8221;20px&#8221; meta_font=&#8221;|700|||||||&#8221; meta_text_color=&#8221;RGBA(255,255,255,0)&#8221; meta_font_size=&#8221;1px&#8221; meta_line_height=&#8221;1em&#8221; global_colors_info=&#8221;{}&#8221;][\/et_pb_blog][\/et_pb_column][\/et_pb_row][\/et_pb_section][et_pb_section fb_built=&#8221;1&#8243; _builder_version=&#8221;4.18.0&#8243; _module_preset=&#8221;default&#8221; background_color=&#8221;#DDDDDD&#8221; collapsed=&#8221;on&#8221; global_colors_info=&#8221;{}&#8221;][et_pb_row column_structure=&#8221;1_6,1_6,1_6,1_6,1_6,1_6&#8243; _builder_version=&#8221;4.18.0&#8243; _module_preset=&#8221;default&#8221; background_enable_image=&#8221;off&#8221; border_style_all=&#8221;none&#8221; global_colors_info=&#8221;{}&#8221;][et_pb_column type=&#8221;1_6&#8243; _builder_version=&#8221;4.17.3&#8243; _module_preset=&#8221;default&#8221; global_colors_info=&#8221;{}&#8221;][et_pb_blurb title=&#8221;DOWNLOAD&#8221; use_icon=&#8221;on&#8221; font_icon=&#8221;&#xe092;||divi||400&#8243; icon_color=&#8221;#00A260&#8243; admin_label=&#8221;Bagsidetekst&#8221; _builder_version=&#8221;4.19.4&#8243; _module_preset=&#8221;default&#8221; header_text_align=&#8221;center&#8221; body_text_align=&#8221;center&#8221; text_orientation=&#8221;center&#8221; global_colors_info=&#8221;{}&#8221;]<\/p>\n<p style=\"text-align: center;\"><strong>Brochures<\/strong><br \/><em>Select for download<\/em><\/p>\n<p>[\/et_pb_blurb][\/et_pb_column][et_pb_column type=&#8221;1_6&#8243; _builder_version=&#8221;4.17.3&#8243; _module_preset=&#8221;default&#8221; global_colors_info=&#8221;{}&#8221;][et_pb_image src=&#8221;https:\/\/nissenenergy.com\/wp-content\/uploads\/2023\/01\/SG_WhitePaper_Unlocking-the-potential-of-WasteWater.jpg&#8221; alt=&#8221;NISSEN energy kedel&#8221; title_text=&#8221;SG_WhitePaper_Unlocking the potential of WasteWater&#8221; url=&#8221;https:\/\/nissenenergy.com\/wp-content\/uploads\/2023\/01\/SG_WhitePaper_Unlocking-the-potential-of-WasteWater.pdf&#8221; force_fullwidth=&#8221;on&#8221; admin_label=&#8221;Billede: SG Whitepaper+Link&#8221; _builder_version=&#8221;4.19.4&#8243; global_colors_info=&#8221;{}&#8221;][\/et_pb_image][et_pb_text admin_label=&#8221;SG_WhitePaper_Unlocking the potential of WasteWater&#8221; _builder_version=&#8221;4.19.4&#8243; _module_preset=&#8221;default&#8221; global_colors_info=&#8221;{}&#8221;]<\/p>\n<p><a href=\"https:\/\/nissenenergy.com\/wp-content\/uploads\/2023\/01\/SG_WhitePaper_Unlocking-the-potential-of-WasteWater.pdf\">Unlocking the potential of WasteWater<\/a><\/p>\n<p>[\/et_pb_text][\/et_pb_column][et_pb_column type=&#8221;1_6&#8243; _builder_version=&#8221;4.17.3&#8243; _module_preset=&#8221;default&#8221; global_colors_info=&#8221;{}&#8221;][et_pb_image src=&#8221;https:\/\/nissenenergy.com\/wp-content\/uploads\/2023\/01\/SG_Urban-water-mamagement.jpg&#8221; alt=&#8221;NISSEN energy kedel&#8221; title_text=&#8221;SG_Urban water mamagement&#8221; url=&#8221;https:\/\/nissenenergy.com\/wp-content\/uploads\/2023\/01\/SG_Urban_water_management-1.pdf&#8221; force_fullwidth=&#8221;on&#8221; admin_label=&#8221;Billede: SG Whitepaper+Link&#8221; _builder_version=&#8221;4.19.4&#8243; global_colors_info=&#8221;{}&#8221;][\/et_pb_image][et_pb_text admin_label=&#8221;SG_WhitePaper_Urban Water Management&#8221; _builder_version=&#8221;4.19.4&#8243; _module_preset=&#8221;default&#8221; global_colors_info=&#8221;{}&#8221;]<\/p>\n<p><a href=\"https:\/\/nissenenergy.com\/wp-content\/uploads\/2023\/01\/SG_WhitePaper_Unlocking-the-potential-of-WasteWater.pdf\">Urban Water Management<\/a><\/p>\n<p>[\/et_pb_text][\/et_pb_column][et_pb_column type=&#8221;1_6&#8243; _builder_version=&#8221;4.17.3&#8243; _module_preset=&#8221;default&#8221; global_colors_info=&#8221;{}&#8221;][\/et_pb_column][et_pb_column type=&#8221;1_6&#8243; _builder_version=&#8221;4.17.3&#8243; _module_preset=&#8221;default&#8221; global_colors_info=&#8221;{}&#8221;][\/et_pb_column][et_pb_column type=&#8221;1_6&#8243; _builder_version=&#8221;4.17.3&#8243; _module_preset=&#8221;default&#8221; global_colors_info=&#8221;{}&#8221;][\/et_pb_column][\/et_pb_row][\/et_pb_section]<\/p>\n","protected":false},"excerpt":{"rendered":"<p>WHAT IS HAPPENING IN OUR WORLD?NEWS &amp; SELECTED CASESSOLID SOLUTIONS \u00a0 NISSEN energy delivers our products,services, and solutions in Denmark. And the rest of the world. Be inspired and gain insight into our deliveries through selected references.Or explore our news, which we regularly postvia Facebook and LinkedIn. BrochuresSelect for downloadUnlocking the potential of WasteWaterUrban Water [&hellip;]<\/p>\n","protected":false},"author":2,"featured_media":0,"parent":0,"menu_order":0,"comment_status":"closed","ping_status":"closed","template":"","meta":{"_et_pb_use_builder":"on","_et_pb_old_content":"","_et_gb_content_width":"","footnotes":""},"class_list":["post-57759","page","type-page","status-publish","hentry"],"yoast_head":"<!-- This site is optimized with the Yoast SEO plugin v27.3 - https:\/\/yoast.com\/product\/yoast-seo-wordpress\/ -->\n<title>Et udvalg af vores referencer p\u00e5 kundetilpassede energil\u00f8sninger, l\u00e6s her<\/title>\n<meta name=\"description\" content=\"Referencer til inspiration. Uanset om det drejer sig om optimering af eksisterende energianl\u00e6g eller en helt ny energil\u00f8sning hj\u00e6lper vi\" \/>\n<meta name=\"robots\" content=\"index, follow, max-snippet:-1, max-image-preview:large, max-video-preview:-1\" \/>\n<link rel=\"canonical\" href=\"https:\/\/nissenenergy.com\/en\/cases\/\" \/>\n<meta property=\"og:locale\" content=\"en_US\" \/>\n<meta property=\"og:type\" content=\"article\" \/>\n<meta property=\"og:title\" content=\"Et udvalg af vores referencer p\u00e5 kundetilpassede energil\u00f8sninger, l\u00e6s her\" \/>\n<meta property=\"og:description\" content=\"Referencer til inspiration. Uanset om det drejer sig om optimering af eksisterende energianl\u00e6g eller en helt ny energil\u00f8sning hj\u00e6lper vi\" \/>\n<meta property=\"og:url\" content=\"https:\/\/nissenenergy.com\/en\/cases\/\" \/>\n<meta property=\"og:site_name\" content=\"nissenenergy.com\" \/>\n<meta property=\"article:publisher\" content=\"https:\/\/www.facebook.com\/profile.php?id=100057190309972\" \/>\n<meta property=\"article:modified_time\" content=\"2026-03-18T12:48:21+00:00\" \/>\n<meta name=\"twitter:card\" content=\"summary_large_image\" \/>\n<meta name=\"twitter:label1\" content=\"Est. reading time\" \/>\n\t<meta name=\"twitter:data1\" content=\"5 minutes\" \/>\n<script type=\"application\/ld+json\" class=\"yoast-schema-graph\">{\"@context\":\"https:\\\/\\\/schema.org\",\"@graph\":[{\"@type\":\"WebPage\",\"@id\":\"https:\\\/\\\/nissenenergy.com\\\/en\\\/cases\\\/\",\"url\":\"https:\\\/\\\/nissenenergy.com\\\/en\\\/cases\\\/\",\"name\":\"Et udvalg af vores referencer p\u00e5 kundetilpassede energil\u00f8sninger, l\u00e6s her\",\"isPartOf\":{\"@id\":\"https:\\\/\\\/nissenenergy.com\\\/#website\"},\"datePublished\":\"2018-08-31T09:36:13+00:00\",\"dateModified\":\"2026-03-18T12:48:21+00:00\",\"description\":\"Referencer til inspiration. Uanset om det drejer sig om optimering af eksisterende energianl\u00e6g eller en helt ny energil\u00f8sning hj\u00e6lper vi\",\"breadcrumb\":{\"@id\":\"https:\\\/\\\/nissenenergy.com\\\/en\\\/cases\\\/#breadcrumb\"},\"inLanguage\":\"en-US\",\"potentialAction\":[{\"@type\":\"ReadAction\",\"target\":[\"https:\\\/\\\/nissenenergy.com\\\/en\\\/cases\\\/\"]}]},{\"@type\":\"BreadcrumbList\",\"@id\":\"https:\\\/\\\/nissenenergy.com\\\/en\\\/cases\\\/#breadcrumb\",\"itemListElement\":[{\"@type\":\"ListItem\",\"position\":1,\"name\":\"Forside\",\"item\":\"https:\\\/\\\/nissenenergy.com\\\/en\\\/\"},{\"@type\":\"ListItem\",\"position\":2,\"name\":\"NISSEN News &#038; Cases\"}]},{\"@type\":\"WebSite\",\"@id\":\"https:\\\/\\\/nissenenergy.com\\\/#website\",\"url\":\"https:\\\/\\\/nissenenergy.com\\\/\",\"name\":\"nissenenergy.com\",\"description\":\"\",\"publisher\":{\"@id\":\"https:\\\/\\\/nissenenergy.com\\\/#organization\"},\"potentialAction\":[{\"@type\":\"SearchAction\",\"target\":{\"@type\":\"EntryPoint\",\"urlTemplate\":\"https:\\\/\\\/nissenenergy.com\\\/?s={search_term_string}\"},\"query-input\":{\"@type\":\"PropertyValueSpecification\",\"valueRequired\":true,\"valueName\":\"search_term_string\"}}],\"inLanguage\":\"en-US\"},{\"@type\":\"Organization\",\"@id\":\"https:\\\/\\\/nissenenergy.com\\\/#organization\",\"name\":\"Nissen Energy\",\"url\":\"https:\\\/\\\/nissenenergy.com\\\/\",\"logo\":{\"@type\":\"ImageObject\",\"inLanguage\":\"en-US\",\"@id\":\"https:\\\/\\\/nissenenergy.com\\\/#\\\/schema\\\/logo\\\/image\\\/\",\"url\":\"https:\\\/\\\/nissenenergy.com\\\/wp-content\\\/uploads\\\/2018\\\/11\\\/NISSEN-Vandret-MASTER.png\",\"contentUrl\":\"https:\\\/\\\/nissenenergy.com\\\/wp-content\\\/uploads\\\/2018\\\/11\\\/NISSEN-Vandret-MASTER.png\",\"width\":294,\"height\":80,\"caption\":\"Nissen Energy\"},\"image\":{\"@id\":\"https:\\\/\\\/nissenenergy.com\\\/#\\\/schema\\\/logo\\\/image\\\/\"},\"sameAs\":[\"https:\\\/\\\/www.facebook.com\\\/profile.php?id=100057190309972\",\"https:\\\/\\\/www.linkedin.com\\\/company\\\/nissen-energy-a-s\"]}]}<\/script>\n<!-- \/ Yoast SEO plugin. -->","yoast_head_json":{"title":"Et udvalg af vores referencer p\u00e5 kundetilpassede energil\u00f8sninger, l\u00e6s her","description":"Referencer til inspiration. Uanset om det drejer sig om optimering af eksisterende energianl\u00e6g eller en helt ny energil\u00f8sning hj\u00e6lper vi","robots":{"index":"index","follow":"follow","max-snippet":"max-snippet:-1","max-image-preview":"max-image-preview:large","max-video-preview":"max-video-preview:-1"},"canonical":"https:\/\/nissenenergy.com\/en\/cases\/","og_locale":"en_US","og_type":"article","og_title":"Et udvalg af vores referencer p\u00e5 kundetilpassede energil\u00f8sninger, l\u00e6s her","og_description":"Referencer til inspiration. Uanset om det drejer sig om optimering af eksisterende energianl\u00e6g eller en helt ny energil\u00f8sning hj\u00e6lper vi","og_url":"https:\/\/nissenenergy.com\/en\/cases\/","og_site_name":"nissenenergy.com","article_publisher":"https:\/\/www.facebook.com\/profile.php?id=100057190309972","article_modified_time":"2026-03-18T12:48:21+00:00","twitter_card":"summary_large_image","twitter_misc":{"Est. reading time":"5 minutes"},"schema":{"@context":"https:\/\/schema.org","@graph":[{"@type":"WebPage","@id":"https:\/\/nissenenergy.com\/en\/cases\/","url":"https:\/\/nissenenergy.com\/en\/cases\/","name":"Et udvalg af vores referencer p\u00e5 kundetilpassede energil\u00f8sninger, l\u00e6s her","isPartOf":{"@id":"https:\/\/nissenenergy.com\/#website"},"datePublished":"2018-08-31T09:36:13+00:00","dateModified":"2026-03-18T12:48:21+00:00","description":"Referencer til inspiration. Uanset om det drejer sig om optimering af eksisterende energianl\u00e6g eller en helt ny energil\u00f8sning hj\u00e6lper vi","breadcrumb":{"@id":"https:\/\/nissenenergy.com\/en\/cases\/#breadcrumb"},"inLanguage":"en-US","potentialAction":[{"@type":"ReadAction","target":["https:\/\/nissenenergy.com\/en\/cases\/"]}]},{"@type":"BreadcrumbList","@id":"https:\/\/nissenenergy.com\/en\/cases\/#breadcrumb","itemListElement":[{"@type":"ListItem","position":1,"name":"Forside","item":"https:\/\/nissenenergy.com\/en\/"},{"@type":"ListItem","position":2,"name":"NISSEN News &#038; Cases"}]},{"@type":"WebSite","@id":"https:\/\/nissenenergy.com\/#website","url":"https:\/\/nissenenergy.com\/","name":"nissenenergy.com","description":"","publisher":{"@id":"https:\/\/nissenenergy.com\/#organization"},"potentialAction":[{"@type":"SearchAction","target":{"@type":"EntryPoint","urlTemplate":"https:\/\/nissenenergy.com\/?s={search_term_string}"},"query-input":{"@type":"PropertyValueSpecification","valueRequired":true,"valueName":"search_term_string"}}],"inLanguage":"en-US"},{"@type":"Organization","@id":"https:\/\/nissenenergy.com\/#organization","name":"Nissen Energy","url":"https:\/\/nissenenergy.com\/","logo":{"@type":"ImageObject","inLanguage":"en-US","@id":"https:\/\/nissenenergy.com\/#\/schema\/logo\/image\/","url":"https:\/\/nissenenergy.com\/wp-content\/uploads\/2018\/11\/NISSEN-Vandret-MASTER.png","contentUrl":"https:\/\/nissenenergy.com\/wp-content\/uploads\/2018\/11\/NISSEN-Vandret-MASTER.png","width":294,"height":80,"caption":"Nissen Energy"},"image":{"@id":"https:\/\/nissenenergy.com\/#\/schema\/logo\/image\/"},"sameAs":["https:\/\/www.facebook.com\/profile.php?id=100057190309972","https:\/\/www.linkedin.com\/company\/nissen-energy-a-s"]}]}},"_links":{"self":[{"href":"https:\/\/nissenenergy.com\/en\/wp-json\/wp\/v2\/pages\/57759","targetHints":{"allow":["GET"]}}],"collection":[{"href":"https:\/\/nissenenergy.com\/en\/wp-json\/wp\/v2\/pages"}],"about":[{"href":"https:\/\/nissenenergy.com\/en\/wp-json\/wp\/v2\/types\/page"}],"author":[{"embeddable":true,"href":"https:\/\/nissenenergy.com\/en\/wp-json\/wp\/v2\/users\/2"}],"replies":[{"embeddable":true,"href":"https:\/\/nissenenergy.com\/en\/wp-json\/wp\/v2\/comments?post=57759"}],"version-history":[{"count":21,"href":"https:\/\/nissenenergy.com\/en\/wp-json\/wp\/v2\/pages\/57759\/revisions"}],"predecessor-version":[{"id":61274,"href":"https:\/\/nissenenergy.com\/en\/wp-json\/wp\/v2\/pages\/57759\/revisions\/61274"}],"wp:attachment":[{"href":"https:\/\/nissenenergy.com\/en\/wp-json\/wp\/v2\/media?parent=57759"}],"curies":[{"name":"wp","href":"https:\/\/api.w.org\/{rel}","templated":true}]}}